{"id":2697,"date":"2014-11-08T13:29:55","date_gmt":"2014-11-08T11:29:55","guid":{"rendered":"http:\/\/www.erdemyesiloglu.\u200bcom\/?page_id=2697"},"modified":"2014-11-08T13:29:55","modified_gmt":"2014-11-08T11:29:55","slug":"ts-en-isoiec-17020","status":"publish","type":"page","link":"https:\/\/www.erdemyesiloglu.\u200bcom.tr\/?page_id=2697","title":{"rendered":"TS EN ISO\/IEC 17020"},"content":{"rendered":"<p>ISO 17020, &#8220;Muayene hizmeti ger\u00e7ekle\u015ftiren kurulu\u015flar i\u00e7in genel faaliyet kriterileri&#8221; olarak tan\u0131mlanan  muayene kuru\u015fular\u0131n\u0131n yetkinli\u011fi i\u00e7in uluslararas\u0131 olarak tan\u0131nm\u0131\u015f bir standartt\u0131r. ISO 17020, kalite y\u00f6netim sistemine \u00f6zel olarak haz\u0131rlanm\u0131\u015f olan  ISO 9001 standard\u0131 ile kar\u0131\u015ft\u0131r\u0131lmamal\u0131d\u0131r. ISO 9001 bir muayene kurulu\u015funun teknik yeterlili\u011finin de\u011ferlendirilmesini gerektirmez ve ISO 17020 bir alternatif de\u011fildir.<\/p>\n<p>ISO 17020 standard\u0131 muayene hizmeti veren t\u00fcm kurulu\u015flar i\u00e7in ulusal ve uluslararas\u0131 platformlarda tan\u0131nma imkan\u0131 sundu\u011fu i\u00e7in, t\u00fcm muayene kurulu\u015flar\u0131n\u0131n hizmetlerini uluslararas\u0131 arenaya ta\u015f\u0131mak i\u00e7in almalar\u0131 gereken bir akreditasyondur. Genel olarak akreditasyon almas\u0131 gereken hizmet alanlar\u0131 a\u015fa\u011f\u0131daki gibi listelenmi\u015ftir<br \/>\n\u2022\tUluslararas\u0131 g\u00f6zetim hizmeti sunan kurulu\u015flar<br \/>\n\u2022\tAra\u00e7 muayene istasyonlar\u0131 ve egzost emisyon \u00f6l\u00e7\u00fcm istasyonlar\u0131<br \/>\n\u2022\tPeriyodik fenni muayene hizmeti veren kurulu\u015flar<br \/>\n\u2022\tMuayene ve kar\u015f\u0131l\u0131\u015ft\u0131rmal\u0131 uygunluk kontrol\u00fc yapan kurulu\u015fla.<\/p>\n","protected":false},"excerpt":{"rendered":"<p>ISO 17020, &#8220;Muayene hizmeti ger\u00e7ekle\u015ftiren kurulu\u015flar i\u00e7in genel faaliyet kriterileri&#8221; olarak tan\u0131mlanan muayene kuru\u015fular\u0131n\u0131n yetkinli\u011fi i\u00e7in uluslararas\u0131 olarak tan\u0131nm\u0131\u015f bir standartt\u0131r. ISO 17020, kalite y\u00f6netim sistemine \u00f6zel olarak haz\u0131rlanm\u0131\u015f olan\u2026 <a href=\"https:\/\/www.erdemyesiloglu.\u200bcom.tr\/?page_id=2697\" class=\"read-more-link\">read more &rarr;<\/a><\/p>\n","protected":false},"author":1,"featured_media":0,"parent":0,"menu_order":0,"comment_status":"open","ping_status":"open","template":"","meta":{"footnotes":""},"class_list":["post-2697","page","type-page","status-publish","hentry"],"_links":{"self":[{"href":"https:\/\/www.erdemyesiloglu.\u200bcom.tr\/index.php?rest_route=\/wp\/v2\/pages\/2697","targetHints":{"allow":["GET"]}}],"collection":[{"href":"https:\/\/www.erdemyesiloglu.\u200bcom.tr\/index.php?rest_route=\/wp\/v2\/pages"}],"about":[{"href":"https:\/\/www.erdemyesiloglu.\u200bcom.tr\/index.php?rest_route=\/wp\/v2\/types\/page"}],"author":[{"embeddable":true,"href":"https:\/\/www.erdemyesiloglu.\u200bcom.tr\/index.php?rest_route=\/wp\/v2\/users\/1"}],"replies":[{"embeddable":true,"href":"https:\/\/www.erdemyesiloglu.\u200bcom.tr\/index.php?rest_route=%2Fwp%2Fv2%2Fcomments&post=2697"}],"version-history":[{"count":1,"href":"https:\/\/www.erdemyesiloglu.\u200bcom.tr\/index.php?rest_route=\/wp\/v2\/pages\/2697\/revisions"}],"predecessor-version":[{"id":2698,"href":"https:\/\/www.erdemyesiloglu.\u200bcom.tr\/index.php?rest_route=\/wp\/v2\/pages\/2697\/revisions\/2698"}],"wp:attachment":[{"href":"https:\/\/www.erdemyesiloglu.\u200bcom.tr\/index.php?rest_route=%2Fwp%2Fv2%2Fmedia&parent=2697"}],"curies":[{"name":"wp","href":"https:\/\/api.w.org\/{rel}","templated":true}]}}