{"id":2424,"date":"2014-09-18T15:26:58","date_gmt":"2014-09-18T12:26:58","guid":{"rendered":"http:\/\/www.erdemyesiloglu.\u200bcom\/?page_id=2424"},"modified":"2014-09-18T15:26:58","modified_gmt":"2014-09-18T12:26:58","slug":"yonetim-danismanligi","status":"publish","type":"page","link":"https:\/\/www.erdemyesiloglu.\u200bcom.tr\/?page_id=2424","title":{"rendered":"Y\u00d6NET\u0130M DANI\u015eMANLI\u011eI"},"content":{"rendered":"","protected":false},"excerpt":{"rendered":"","protected":false},"author":1,"featured_media":0,"parent":0,"menu_order":0,"comment_status":"open","ping_status":"open","template":"","meta":{"footnotes":""},"class_list":["post-2424","page","type-page","status-publish","hentry"],"_links":{"self":[{"href":"https:\/\/www.erdemyesiloglu.\u200bcom.tr\/index.php?rest_route=\/wp\/v2\/pages\/2424","targetHints":{"allow":["GET"]}}],"collection":[{"href":"https:\/\/www.erdemyesiloglu.\u200bcom.tr\/index.php?rest_route=\/wp\/v2\/pages"}],"about":[{"href":"https:\/\/www.erdemyesiloglu.\u200bcom.tr\/index.php?rest_route=\/wp\/v2\/types\/page"}],"author":[{"embeddable":true,"href":"https:\/\/www.erdemyesiloglu.\u200bcom.tr\/index.php?rest_route=\/wp\/v2\/users\/1"}],"replies":[{"embeddable":true,"href":"https:\/\/www.erdemyesiloglu.\u200bcom.tr\/index.php?rest_route=%2Fwp%2Fv2%2Fcomments&post=2424"}],"version-history":[{"count":1,"href":"https:\/\/www.erdemyesiloglu.\u200bcom.tr\/index.php?rest_route=\/wp\/v2\/pages\/2424\/revisions"}],"predecessor-version":[{"id":2425,"href":"https:\/\/www.erdemyesiloglu.\u200bcom.tr\/index.php?rest_route=\/wp\/v2\/pages\/2424\/revisions\/2425"}],"wp:attachment":[{"href":"https:\/\/www.erdemyesiloglu.\u200bcom.tr\/index.php?rest_route=%2Fwp%2Fv2%2Fmedia&parent=2424"}],"curies":[{"name":"wp","href":"https:\/\/api.w.org\/{rel}","templated":true}]}}