{"id":2407,"date":"2014-09-18T15:24:48","date_gmt":"2014-09-18T12:24:48","guid":{"rendered":"http:\/\/www.erdemyesiloglu.\u200bcom\/?page_id=2407"},"modified":"2017-04-14T00:23:56","modified_gmt":"2017-04-13T21:23:56","slug":"ce-markalama","status":"publish","type":"page","link":"https:\/\/www.erdemyesiloglu.\u200bcom.tr\/?page_id=2407","title":{"rendered":"CE Markalama"},"content":{"rendered":"<p style=\"font-weight: 300;\">Avrupa Birli\u011fi pazar\u0131nda sat\u0131lacak bir \u00fcr\u00fcn\u00fcn e\u011fer Avrupa Birli\u0121i Direktiflerinden birinin veya birka\u00e7\u0131n\u0131n kapsam\u0131na giriyorsa CE Markas\u0131n\u0131 ta\u015f\u0131mas\u0131 yasal bir zorunluluktur. &#8220;CE&#8221; Markas\u0131 ad\u0131n\u0131 Frans\u0131zca &#8220;Avrupa&#8217;ya Uygunluk&#8221; anlam\u0131na gelen &#8220;Conformit\u00e9 Europ\u00e9ene&#8221; kelimelerinin ba\u015f harflerinden alm\u0131\u015ft\u0131r. Bu d\u00fczenleme, \u00fcreticilerin CE\u00a0i\u015faretini \u00fcr\u00fcnlerin \u00fczerinde, ambalajlar\u0131nda ve \u00fcr\u00fcn hakk\u0131ndaki her t\u00fcrl\u00fc dok\u00fcman \u00fczerinde kullanmalar\u0131n\u0131 zorunlu k\u0131lmaktad\u0131r.<\/p>\n<p><a href=\"http:\/\/www.kascert.com\/goster.aspx?metin_id=262\">CE\u00a0i\u015fareti<\/a>\u00a0\u00fcreticilere, \u00fcr\u00fcnlerinin baz\u0131 standartlara ve gereksinimlere uygunlu\u011funu sa\u011flama y\u00fck\u00fcml\u00fcl\u00fc\u011f\u00fcn\u00fc verirken kullan\u0131c\u0131lar\u0131nda \u00fcr\u00fcn\u00fcn temel kalite ve g\u00fcvenlik standartlar\u0131na uydu\u011funu bilmesini sa\u011flar.\u00a0<a href=\"http:\/\/www.kascert.com\/goster.aspx?metin_id=262\">CE Markas\u0131<\/a>(i\u015fareti) pek \u00e7ok kullan\u0131c\u0131 taraf\u0131ndan bir kalite sembol\u00fc olarak bilinmektedir, CE \u0130\u015fareti (belgesi), \u00fcr\u00fcnlerin, amac\u0131na uygun kullan\u0131lmas\u0131 halinde insan can ve mal g\u00fcvenli\u011fi, bitki ve hayvan varl\u0131\u011f\u0131 ile \u00e7evreye zarar vermeyece\u011fini, diger bir ifadeyle \u00fcr\u00fcn\u00fcn g\u00fcvenli bir \u00fcr\u00fcn oldu\u011funu g\u00f6steren bir i\u015farettir.<\/p>\n<p>CE Sertifikas\u0131 (Markas\u0131) Avrupa Birli\u0121i&#8217;nde \u00fcretilen ve AB Direktiflerinden birinin veya birka\u00e7\u0131n\u0131n kapsam\u0131na giren t\u00fcm \u00fcr\u00fcnler i\u00e7in bir zorunluluk oldu\u011fu gibi AB \u00fcyesi olmayan \u00fclkelerdeki \u00fcr\u00fcnlerin AB i\u00e7erisinde sat\u0131labilmesi i\u00e7in de gereklidir.<\/p>\n<p style=\"font-weight: 300;\"><strong style=\"font-weight: 600;\">CE \u0130\u015fareti (CE Belgesi) Faydalar\u0131<\/strong><\/p>\n<ul>\n<li style=\"font-weight: 300;\">CE \u0130\u015fareti\u00a0\u00fcr\u00fcn\u00fcn AB \u00fclkelerinde serbest dola\u015f\u0131m\u0131n\u0131 ve pazarlanmas\u0131n\u0131 sa\u011flar,<\/li>\n<li style=\"font-weight: 300;\">Sanayiciler, ulusal ve uluslar aras\u0131 d\u00fczeyde \u00fcr\u00fcnlerini pazarlayabilmek i\u00e7in, \u00fcr\u00fcn \u00fczerine \u201cCE\u201d i\u015fareti koymak mecburiyetindedirler,<\/li>\n<li style=\"font-weight: 300;\">CE \u0130\u015fareti, \u00fcr\u00fcn\u00fcn AB teknik mevzuat\u0131na uygunlu\u011funu belirtir,<\/li>\n<li style=\"font-weight: 300;\">CE \u0130\u015fareti, bir \u00e7e\u015fit \u00fcr\u00fcn pasaport i\u015flevini g\u00f6r\u00fcr,<\/li>\n<li style=\"font-weight: 300;\">CE \u0130\u015fareti, kesinlikle bir kalite markas\u0131 ve garanti belgesi de\u011fildir,<\/li>\n<li style=\"font-weight: 300;\">CE \u0130\u015fareti, kalitenin ba\u015flad\u0131\u011f\u0131 seviyeyi g\u00f6sterir,<\/li>\n<li style=\"font-weight: 300;\">CE \u0130\u015fareti, bu seviyenin alt\u0131ndaki mamuller emniyetsiz olarak, nitelenir ve piyasaya arz edilmezler, dolay\u0131s\u0131yla kalitesiz olarak kabul edilirler,<\/li>\n<li style=\"font-weight: 300;\">CE \u0130\u015faretli \u00fcr\u00fcn AB \u00fclkelerinde, normlarla ilgili yasal gerek\u00e7eler ortaya konarak geri \u00e7evrilmesi m\u00fcmk\u00fcn de\u011fildir,<\/li>\n<li style=\"font-weight: 300;\">CE \u0130\u015fareti, Yeni yakla\u015f\u0131m direktiflerine uygunlu\u011fun bir g\u00f6stergesidir.<\/li>\n<\/ul>\n","protected":false},"excerpt":{"rendered":"<p>Avrupa Birli\u011fi pazar\u0131nda sat\u0131lacak bir \u00fcr\u00fcn\u00fcn e\u011fer Avrupa Birli\u0121i Direktiflerinden birinin veya birka\u00e7\u0131n\u0131n kapsam\u0131na giriyorsa CE Markas\u0131n\u0131 ta\u015f\u0131mas\u0131 yasal bir zorunluluktur. &#8220;CE&#8221; Markas\u0131 ad\u0131n\u0131 Frans\u0131zca &#8220;Avrupa&#8217;ya Uygunluk&#8221; anlam\u0131na gelen &#8220;Conformit\u00e9\u2026 <a href=\"https:\/\/www.erdemyesiloglu.\u200bcom.tr\/?page_id=2407\" class=\"read-more-link\">read more &rarr;<\/a><\/p>\n","protected":false},"author":1,"featured_media":0,"parent":0,"menu_order":0,"comment_status":"open","ping_status":"open","template":"","meta":{"footnotes":""},"class_list":["post-2407","page","type-page","status-publish","hentry"],"_links":{"self":[{"href":"https:\/\/www.erdemyesiloglu.\u200bcom.tr\/index.php?rest_route=\/wp\/v2\/pages\/2407","targetHints":{"allow":["GET"]}}],"collection":[{"href":"https:\/\/www.erdemyesiloglu.\u200bcom.tr\/index.php?rest_route=\/wp\/v2\/pages"}],"about":[{"href":"https:\/\/www.erdemyesiloglu.\u200bcom.tr\/index.php?rest_route=\/wp\/v2\/types\/page"}],"author":[{"embeddable":true,"href":"https:\/\/www.erdemyesiloglu.\u200bcom.tr\/index.php?rest_route=\/wp\/v2\/users\/1"}],"replies":[{"embeddable":true,"href":"https:\/\/www.erdemyesiloglu.\u200bcom.tr\/index.php?rest_route=%2Fwp%2Fv2%2Fcomments&post=2407"}],"version-history":[{"count":1,"href":"https:\/\/www.erdemyesiloglu.\u200bcom.tr\/index.php?rest_route=\/wp\/v2\/pages\/2407\/revisions"}],"predecessor-version":[{"id":2408,"href":"https:\/\/www.erdemyesiloglu.\u200bcom.tr\/index.php?rest_route=\/wp\/v2\/pages\/2407\/revisions\/2408"}],"wp:attachment":[{"href":"https:\/\/www.erdemyesiloglu.\u200bcom.tr\/index.php?rest_route=%2Fwp%2Fv2%2Fmedia&parent=2407"}],"curies":[{"name":"wp","href":"https:\/\/api.w.org\/{rel}","templated":true}]}}