{"id":2401,"date":"2014-09-18T15:15:30","date_gmt":"2014-09-18T12:15:30","guid":{"rendered":"http:\/\/www.erdemyesiloglu.\u200bcom\/?page_id=2401"},"modified":"2014-09-18T15:15:30","modified_gmt":"2014-09-18T12:15:30","slug":"iso-22000-gida-guvenligi-yonetim-sistemi","status":"publish","type":"page","link":"https:\/\/www.erdemyesiloglu.\u200bcom.tr\/?page_id=2401","title":{"rendered":"ISO 22000 G\u0131da G\u00fcvenli\u011fi Y\u00f6netim Sistemi"},"content":{"rendered":"<p style=\"font-weight: 300;\">G\u0131\u00adda \u00fcre\u00adti\u00admin\u00adde g\u0131\u00adda g\u00fc\u00adven\u00adli\u00ad\u011fi, \u00fcr\u00fc\u00adn\u00fc kul\u00adla\u00adnan t\u00fc\u00adke\u00adti\u00adci\u00adnin mut\u00adlak ta\u00adle\u00adbi\u00addir. Bu se\u00adbep\u00adle mut\u00adlak ve de\u011fi\u015f\u00admez bir ka\u00adli\u00adte pa\u00adra\u00admet\u00adre\u00adsi\u00addir. Bu\u00adnu sa\u011f\u00adla\u00admak i\u00e7in G\u0131\u00adda G\u00fc\u00adven\u00adli\u00ad\u011fi Kont\u00adrol Sis\u00adte\u00admi ku\u00adrul\u00admak zo\u00adrun\u00adda\u00add\u0131r. An\u00adcak bu du\u00adrum\u00adda ana\u00adliz\u00adler ba\u00adzen \u00e7ok uzun, el\u00adde edi\u00adlen ve\u00adri\u00adler ye\u00adter\u00adsiz ola\u00adbi\u00adlir. Bun\u00addan do\u00adla\u00ady\u0131 sis\u00adte\u00admin kul\u00adla\u00adn\u0131\u00adl\u0131\u00ad\u015f\u0131 zor ve\u00adya im\u00adkan\u00ads\u0131z ha\u00adle ge\u00adle\u00adbi\u00adlir. Bu\u00adnun ya\u00adn\u0131 s\u0131\u00adra \u00fcr\u00fc\u00adn\u00fcn sa\u00adde\u00adce \u00e7ok k\u00fc\u00ad\u00e7\u00fck bir ora\u00adn\u0131\u00adn\u0131n ana\u00adliz edil\u00addi\u00ad\u011fi\u00adni d\u00fc\u00ad\u015f\u00fc\u00adn\u00fcr\u00adsek, t\u00fcm pro\u00adses a\u015fama\u00adla\u00adr\u0131\u00adn\u0131 da\u00adha sis\u00adte\u00adma\u00adtik bir \u015fe\u00adkil\u00adde ele alan ve \u00f6n\u00adle\u00adyi\u00adci bir yakla\u015f\u0131ma sa\u00adhip bir me\u00adto\u00adda ih\u00adti\u00adya\u00e7 ol\u00addu\u00ad\u011fu\u00adnu g\u00f6\u00adr\u00fc\u00adr\u00fcz. G\u0131\u00adda G\u00fc\u00adven\u00adli\u00ad\u011fi Y\u00f6\u00adne\u00adtim Sis\u00adte\u00admi i\u015fte bu ih\u00adti\u00adya\u00adca ce\u00advap ve\u00adren bir sis\u00adtem\u00addir.<\/p>\n<p style=\"font-weight: 300;\">\n<p style=\"font-weight: 300;\"><strong style=\"font-weight: 600;\">NE\u00adDEN TS EN ISO 22000?<\/strong><\/p>\n<ul>\n<li style=\"font-weight: 300;\">Muh\u00adte\u00admel teh\u00adli\u00adke\u00adle\u00adri \u00f6n\u00adle\u00adye\u00adrek g\u00fc\u00adve\u00adni\u00adlir g\u0131\u00adda \u00fcre\u00adtil\u00adme\u00adsi ve m\u00fc\u015fteri\u00adye ula\u015fma\u00ads\u0131\u00adn\u0131n sa\u011f\u00adlan\u00adma\u00ads\u0131,<\/li>\n<li style=\"font-weight: 300;\">\u00dcr\u00fcn ka\u00ady\u0131p\u00adla\u00adr\u0131\u00adn\u0131n azal\u00adt\u0131l\u00adma\u00ads\u0131,<\/li>\n<li style=\"font-weight: 300;\">Ma\u00adli\u00adyet\u00adle\u00adrin azal\u00adt\u0131l\u00adma\u00ads\u0131,<\/li>\n<li style=\"font-weight: 300;\">Et\u00adkin bir oto-kont\u00adrol sis\u00adte\u00admi\u00adnin uy\u00adgu\u00adlan\u00adma\u00ads\u0131\u00adn\u0131n sa\u011f\u00adlan\u00adma\u00ads\u0131,<\/li>\n<li style=\"font-weight: 300;\">M\u00fc\u015fteri ta\u00adle\u00adbi ol\u00adma\u00ads\u0131,<\/li>\n<li style=\"font-weight: 300;\">Ti\u00adca\u00adret ko\u00adlay\u00adl\u0131\u00ad\u011f\u0131\u00adn\u0131n sa\u011f\u00adlan\u00adma\u00ads\u0131,<\/li>\n<li style=\"font-weight: 300;\">Ya\u00adsal mev\u00adzu\u00adata uy\u00adgun\u00adlu\u00ad\u011fu\u00adnun sa\u011f\u00adlan\u00adma\u00ads\u0131 i\u00e7in bu sis\u00adtem uy\u00adgu\u00adlan\u00adma\u00adl\u0131\u00add\u0131r.<\/li>\n<\/ul>\n","protected":false},"excerpt":{"rendered":"<p>G\u0131\u00adda \u00fcre\u00adti\u00admin\u00adde g\u0131\u00adda g\u00fc\u00adven\u00adli\u00ad\u011fi, \u00fcr\u00fc\u00adn\u00fc kul\u00adla\u00adnan t\u00fc\u00adke\u00adti\u00adci\u00adnin mut\u00adlak ta\u00adle\u00adbi\u00addir. Bu se\u00adbep\u00adle mut\u00adlak ve de\u011fi\u015f\u00admez bir ka\u00adli\u00adte pa\u00adra\u00admet\u00adre\u00adsi\u00addir. Bu\u00adnu sa\u011f\u00adla\u00admak i\u00e7in G\u0131\u00adda G\u00fc\u00adven\u00adli\u00ad\u011fi Kont\u00adrol Sis\u00adte\u00admi ku\u00adrul\u00admak zo\u00adrun\u00adda\u00add\u0131r. An\u00adcak bu du\u00adrum\u00adda ana\u00adliz\u00adler\u2026 <a href=\"https:\/\/www.erdemyesiloglu.\u200bcom.tr\/?page_id=2401\" class=\"read-more-link\">read more &rarr;<\/a><\/p>\n","protected":false},"author":1,"featured_media":0,"parent":0,"menu_order":0,"comment_status":"open","ping_status":"open","template":"","meta":{"footnotes":""},"class_list":["post-2401","page","type-page","status-publish","hentry"],"_links":{"self":[{"href":"https:\/\/www.erdemyesiloglu.\u200bcom.tr\/index.php?rest_route=\/wp\/v2\/pages\/2401","targetHints":{"allow":["GET"]}}],"collection":[{"href":"https:\/\/www.erdemyesiloglu.\u200bcom.tr\/index.php?rest_route=\/wp\/v2\/pages"}],"about":[{"href":"https:\/\/www.erdemyesiloglu.\u200bcom.tr\/index.php?rest_route=\/wp\/v2\/types\/page"}],"author":[{"embeddable":true,"href":"https:\/\/www.erdemyesiloglu.\u200bcom.tr\/index.php?rest_route=\/wp\/v2\/users\/1"}],"replies":[{"embeddable":true,"href":"https:\/\/www.erdemyesiloglu.\u200bcom.tr\/index.php?rest_route=%2Fwp%2Fv2%2Fcomments&post=2401"}],"version-history":[{"count":1,"href":"https:\/\/www.erdemyesiloglu.\u200bcom.tr\/index.php?rest_route=\/wp\/v2\/pages\/2401\/revisions"}],"predecessor-version":[{"id":2402,"href":"https:\/\/www.erdemyesiloglu.\u200bcom.tr\/index.php?rest_route=\/wp\/v2\/pages\/2401\/revisions\/2402"}],"wp:attachment":[{"href":"https:\/\/www.erdemyesiloglu.\u200bcom.tr\/index.php?rest_route=%2Fwp%2Fv2%2Fmedia&parent=2401"}],"curies":[{"name":"wp","href":"https:\/\/api.w.org\/{rel}","templated":true}]}}