{"id":2399,"date":"2014-09-18T15:14:57","date_gmt":"2014-09-18T12:14:57","guid":{"rendered":"http:\/\/www.erdemyesiloglu.\u200bcom\/?page_id=2399"},"modified":"2014-09-18T15:14:57","modified_gmt":"2014-09-18T12:14:57","slug":"ohsas-18001-is-sagligi-ve-guvenligi-yonetim-sistemi","status":"publish","type":"page","link":"https:\/\/www.erdemyesiloglu.\u200bcom.tr\/?page_id=2399","title":{"rendered":"OHSAS 18001 \u0130\u015f Sa\u011fl\u0131\u011f\u0131 ve G\u00fcvenli\u011fi Y\u00f6netim Sistemi"},"content":{"rendered":"<p>Kurulu\u015f\u00adlar\u00adda kar\u00ad\u015f\u0131\u00adla\u00ad\u015f\u0131\u00adlan en \u00f6nem\u00adli in\u00adsan kay\u00adnak\u00adla\u00adr\u0131 so\u00adrun\u00adla\u00adr\u0131n\u00addan bi\u00adri, \u00e7al\u0131\u015fan\u00adla\u00adr\u0131n em\u00adni\u00adyet\u00adli ve sa\u011f\u00adl\u0131k\u00adl\u0131 bir \u00e7al\u0131\u015fma or\u00adta\u00adm\u0131\u00adna sa\u00adhip ol\u00adma\u00adma\u00adla\u00adr\u0131\u00add\u0131r. Kurulu\u015f\u00adla\u00adr\u0131n da\u00adha iyi re\u00adka\u00adbet ko\u015ful\u00adla\u00adr\u0131\u00adna ula\u00ad\u015fa\u00adbil\u00adme\u00adsi i\u00e7in \u00e7al\u0131\u015fan\u00adla\u00adr\u0131n i\u015f sa\u011f\u00adl\u0131\u00ad\u011f\u0131 ve g\u00fc\u00adven\u00adli\u00ad\u011fi ko\u00adnu\u00adsun\u00adda plan\u00adl\u0131 ve sis\u00adtem\u00adli \u00e7al\u0131\u015fma\u00adlar y\u00fc\u00adr\u00fct\u00adme\u00adle\u00adri ge\u00adrek\u00admek\u00adte\u00addir. ISO 9001 ve ISO 14001 gi\u00adbi stan\u00addard\u00adlar ka\u00adli\u00adte ve \u00e7ev\u00adre y\u00f6\u00adne\u00adtim\u00adle\u00adri \u00fcze\u00adri\u00adne yo\u00ad\u011fun\u00adla\u015fm\u0131\u015f, do\u00adla\u00ady\u0131\u00ads\u0131y\u00adla kurulu\u015f\u00adlar\u00adda i\u015f sa\u011f\u00adl\u0131\u00ad\u011f\u0131 ve g\u00fc\u00adven\u00adli\u00ad\u011fi\u00adnin sa\u011f\u00adlan\u00adma\u00ads\u0131 ve s\u00fc\u00adrek\u00adli iyile\u015f\u00adti\u00adri\u00adle\u00adrek ko\u00adru\u00adna\u00adbil\u00adme\u00adsi i\u00e7in ay\u00adr\u0131 bir stan\u00addar\u00adda ge\u00adrek\u00adsi\u00adnim du\u00adyul\u00admu\u015ftur.<\/p>\n<p>&nbsp;<\/p>\n<p><strong>NE\u00adDEN 18001?<\/strong><\/p>\n<p>\u2022\u00a0\u00a0 K\u00e2r\u00adl\u0131\u00adl\u0131\u00ad\u011f\u0131 ar\u00adt\u0131r\u00admak,<\/p>\n<p>\u2022\u00a0\u00a0 \u0130SG \u00e7al\u0131\u015fmalar\u0131\u00adn\u0131 di\u011fer fa\u00adali\u00adyet\u00adle\u00adre en\u00adteg\u00adre ede\u00adrek kay\u00adnak\u00adla\u00adr\u0131n ko\u00adrun\u00adma\u00ads\u0131\u00adn\u0131 sa\u011f\u00adla\u00admak,<\/p>\n<p>\u2022\u00a0\u00a0 Y\u00f6\u00adne\u00adti\u00admin ta\u00adah\u00adh\u00fc\u00add\u00fc\u00adn\u00fcn sa\u011f\u00adlan\u00add\u0131\u00ad\u011f\u0131\u00adn\u0131 g\u00f6s\u00adter\u00admek,<\/p>\n<p>\u2022\u00a0\u00a0 Mo\u00adti\u00advas\u00adyon ve ka\u00adt\u0131\u00adl\u0131\u00adm\u0131 ar\u00adt\u0131r\u00admak,<\/p>\n<p>\u2022\u00a0\u00a0 Ulu\u00adsal ya\u00adsa ve d\u00fcn\u00adya stan\u00addard\u00adla\u00adr\u0131\u00adna\u00a0 uyum s\u00fc\u00adre\u00adsi\u00adni ve ma\u00adli\u00adye\u00adti\u00adni azalt\u00admak,<\/p>\n<p>\u2022\u00a0\u00a0 Pay\u00adda\u015fla\u00adr\u0131n is\u00adtek ve bek\u00adlen\u00adti\u00adle\u00adri\u00adni kar\u015f\u0131\u00adla\u00adya\u00adrak re\u00adka\u00adbe\u00adti ar\u00adt\u0131r\u00admak,<\/p>\n<p>\u2022\u00a0\u00a0 Kurulu\u015f\u00adlar ta\u00adra\u00adf\u0131n\u00addan s\u00fcr\u00add\u00fc\u00adr\u00fcl\u00admek\u00adte olan \u0130SG fa\u00adali\u00adyet\u00adle\u00adri\u00adnin sis\u00adte\u00adma\u00adtik ola\u00adrak ya\u00ady\u0131\u00adl\u0131\u00adm\u0131\u00adn\u0131 sa\u011f\u00adla\u00admak i\u00e7in bu sis\u00adtem uy\u00adgu\u00adlan\u00adma\u00adl\u0131\u00add\u0131r.<\/p>\n","protected":false},"excerpt":{"rendered":"<p>Kurulu\u015f\u00adlar\u00adda kar\u00ad\u015f\u0131\u00adla\u00ad\u015f\u0131\u00adlan en \u00f6nem\u00adli in\u00adsan kay\u00adnak\u00adla\u00adr\u0131 so\u00adrun\u00adla\u00adr\u0131n\u00addan bi\u00adri, \u00e7al\u0131\u015fan\u00adla\u00adr\u0131n em\u00adni\u00adyet\u00adli ve sa\u011f\u00adl\u0131k\u00adl\u0131 bir \u00e7al\u0131\u015fma or\u00adta\u00adm\u0131\u00adna sa\u00adhip ol\u00adma\u00adma\u00adla\u00adr\u0131\u00add\u0131r. Kurulu\u015f\u00adla\u00adr\u0131n da\u00adha iyi re\u00adka\u00adbet ko\u015ful\u00adla\u00adr\u0131\u00adna ula\u00ad\u015fa\u00adbil\u00adme\u00adsi i\u00e7in \u00e7al\u0131\u015fan\u00adla\u00adr\u0131n i\u015f sa\u011f\u00adl\u0131\u00ad\u011f\u0131 ve g\u00fc\u00adven\u00adli\u00ad\u011fi ko\u00adnu\u00adsun\u00adda\u2026 <a href=\"https:\/\/www.erdemyesiloglu.\u200bcom.tr\/?page_id=2399\" class=\"read-more-link\">read more &rarr;<\/a><\/p>\n","protected":false},"author":1,"featured_media":0,"parent":0,"menu_order":0,"comment_status":"open","ping_status":"open","template":"","meta":{"footnotes":""},"class_list":["post-2399","page","type-page","status-publish","hentry"],"_links":{"self":[{"href":"https:\/\/www.erdemyesiloglu.\u200bcom.tr\/index.php?rest_route=\/wp\/v2\/pages\/2399","targetHints":{"allow":["GET"]}}],"collection":[{"href":"https:\/\/www.erdemyesiloglu.\u200bcom.tr\/index.php?rest_route=\/wp\/v2\/pages"}],"about":[{"href":"https:\/\/www.erdemyesiloglu.\u200bcom.tr\/index.php?rest_route=\/wp\/v2\/types\/page"}],"author":[{"embeddable":true,"href":"https:\/\/www.erdemyesiloglu.\u200bcom.tr\/index.php?rest_route=\/wp\/v2\/users\/1"}],"replies":[{"embeddable":true,"href":"https:\/\/www.erdemyesiloglu.\u200bcom.tr\/index.php?rest_route=%2Fwp%2Fv2%2Fcomments&post=2399"}],"version-history":[{"count":1,"href":"https:\/\/www.erdemyesiloglu.\u200bcom.tr\/index.php?rest_route=\/wp\/v2\/pages\/2399\/revisions"}],"predecessor-version":[{"id":2400,"href":"https:\/\/www.erdemyesiloglu.\u200bcom.tr\/index.php?rest_route=\/wp\/v2\/pages\/2399\/revisions\/2400"}],"wp:attachment":[{"href":"https:\/\/www.erdemyesiloglu.\u200bcom.tr\/index.php?rest_route=%2Fwp%2Fv2%2Fmedia&parent=2399"}],"curies":[{"name":"wp","href":"https:\/\/api.w.org\/{rel}","templated":true}]}}