{"id":2397,"date":"2014-09-18T15:14:27","date_gmt":"2014-09-18T12:14:27","guid":{"rendered":"http:\/\/www.erdemyesiloglu.\u200bcom\/?page_id=2397"},"modified":"2014-09-18T15:14:27","modified_gmt":"2014-09-18T12:14:27","slug":"iso-14001-cevre-yonetim-sistemi","status":"publish","type":"page","link":"https:\/\/www.erdemyesiloglu.\u200bcom.tr\/?page_id=2397","title":{"rendered":"ISO 14001 \u00c7evre Y\u00f6netim Sistemi"},"content":{"rendered":"<p>Her ge\u00ad\u00e7en g\u00fcn da\u00adha da k\u00fc\u00ad\u00e7\u00fc\u00adlen d\u00fcn\u00adya\u00adm\u0131\u00adz\u0131n kay\u00adnak\u00adla\u00adr\u0131\u00adn\u0131n son\u00adsuz ol\u00adma\u00add\u0131\u00ad\u011f\u0131, \u00fcr\u00fcn ve fa\u00adali\u00adyet\u00adle\u00adrin \u00e7ev\u00adre et\u00adki\u00adle\u00adri\u00adnin ye\u00adrel ve b\u00f6l\u00adge\u00adsel kal\u00adma\u00ady\u0131p, glo\u00adbal ol\u00addu\u00ad\u011fu ar\u00adt\u0131k t\u00fcm d\u00fcn\u00adya\u00adda ka\u00adbul edilmi\u015f\u00adtir. Bu bi\u00adlin\u00e7 \u00e7ev\u00adre\u00adsel et\u00adki\u00adle\u00adrin ya\u00adsal uy\u00adgu\u00adla\u00adma\u00adlar\u00addan zi\u00adya\u00adde pi\u00adya\u00adsa kuv\u00advet\u00adle\u00adri ile kont\u00adrol edil\u00adme\u00adsi ih\u00adti\u00adya\u00adc\u0131\u00adn\u0131 da be\u00adra\u00adbe\u00adrin\u00adde getirmi\u015ftir.<\/p>\n<p>Bu\u00adg\u00fc\u00adn\u00fcn t\u00fc\u00adke\u00adti\u00adci\u00adsi bek\u00adlen\u00adti ve ih\u00adti\u00adya\u00e7\u00adla\u00adr\u0131\u00adn\u0131n en \u00fcst d\u00fc\u00adzey\u00adde kar\u00ad\u015f\u0131\u00adlan\u00adma\u00ads\u0131\u00adn\u0131n ya\u00adn\u0131 \u00ads\u0131\u00adra ken\u00addi\u00adsi\u00adne, ya\u00ad\u015fa\u00add\u0131\u00ad\u011f\u0131 \u00e7ev\u00adre\u00adye ve d\u00fcn\u00adya\u00ads\u0131\u00adna de\u00ad\u011fer ve\u00adril\u00adme\u00adsi\u00adni, say\u00adg\u0131 g\u00f6s\u00adte\u00adril\u00adme\u00adsi\u00adni ta\u00adlep et\u00admek\u00adte ve pi\u00adya\u00adsa\u00adda bu\u00adnu sor\u00adgu\u00adla\u00admak\u00adta\u00add\u0131r. Bu geli\u015fme\u00adler kurulu\u015f\u00adla\u00adr\u0131n \u00e7ev\u00adre ile etkile\u015fim\u00adle\u00adri\u00adni kont\u00adrol al\u00adt\u0131n\u00adda tu\u00adta\u00adbil\u00adme\u00adle\u00adri\u00adni ve \u00e7ev\u00adre ic\u00adra\u00adat ve ba\u00ad\u015fa\u00adr\u0131\u00adla\u00adr\u0131\u00adn\u0131 s\u00fc\u00adrek\u00adli iyile\u015f\u00adti\u00adre\u00adbil\u00adme\u00adle\u00adri\u00adni sa\u011f\u00adla\u00adya\u00adcak y\u00f6\u00adne\u00adtim sis\u00adtem\u00adle\u00adri\u00adne ih\u00adti\u00adya\u00e7 bu\u00adlun\u00addu\u00ad\u011fu ger\u00ad\u00e7e\u00ad\u011fi\u00adni or\u00adta\u00adya \u00e7\u0131karm\u0131\u015f\u00adt\u0131r.<\/p>\n<p>\u00c7ev\u00adre Y\u00f6\u00adne\u00adtim Sis\u00adte\u00admi t\u00fcm d\u00fcn\u00adya\u00adda ISO 14001 Stan\u00addar\u00add\u0131 ile bi\u00adlin\u00admek\u00adte\u00addir. \u00c7ev\u00adre Y\u00f6\u00adne\u00adtim Sis\u00adte\u00admi\u00adnin, ISO 9001 Ka\u00adli\u00adte Y\u00f6\u00adne\u00adtim Sis\u00adte\u00admi Stan\u00addar\u00add\u0131n\u00addan son\u00adra ulus\u00adla\u00adra\u00adra\u00ads\u0131 kurulu\u015f\u00adlar\u00adda ta\u00adn\u0131n\u00adma\u00ads\u0131 ve uy\u00adgu\u00adlan\u00adma\u00ads\u0131 \u00e7ok h\u0131z\u00adl\u0131 ol\u00admu\u015ftur.<\/p>\n<p>&nbsp;<\/p>\n<p><strong>NE\u00adDEN TS EN ISO 14001?<\/strong><\/p>\n<p>&nbsp;<\/p>\n<p>\u00c7ev\u00adre Y\u00f6\u00adne\u00adtim Sis\u00adte\u00admi t\u00fcm d\u00fcn\u00adya\u00adda ISO 14001 stan\u00addar\u00add\u0131 ile bi\u00adlin\u00admek\u00adte\u00addir ve ISO 9001 Ka\u00adli\u00adte Y\u00f6\u00adne\u00adtim Sis\u00adte\u00admi Stan\u00addar\u00add\u0131n\u00addan son\u00adra ulus\u00adla\u00adra\u00adra\u00ads\u0131 kurulu\u015f\u00adlar\u00adda ta\u00adn\u0131n\u00adma\u00ads\u0131 ve uy\u00adgu\u00adlan\u00adma\u00ads\u0131 \u00e7ok h\u0131z\u00adl\u0131 olmu\u015f\u00adtur.<\/p>\n<p>\u00c7YS\u2019nin kurulu\u015f\u00adlar\u00adda geli\u015ftirilme\u00adsi\u00adnin ama\u00adc\u0131;<\/p>\n<p>\u2022 Ulu\u00adsal ve\/ve\u00adya ulus\u00adla\u00adra\u00adra\u00ads\u0131 mev\u00adzu\u00adat\u00adla\u00adra uyu\u00admun ar\u00adt\u0131\u00adr\u0131l\u00adma\u00ads\u0131<\/p>\n<p>\u2022 \u00c7ev\u00adre\u00adsel per\u00adfor\u00adman\u00ads\u0131n ar\u00adt\u0131\u00adr\u0131l\u00adma\u00ads\u0131<\/p>\n<p>\u2022 Mar\u00adket Stra\u00adte\u00adji\u00adle\u00adri:<\/p>\n<p>\u2022 Ulus\u00adla\u00adra\u00adra\u00ads\u0131 re\u00adka\u00adbet\u00adte avan\u00adtaj sa\u011f\u00adla\u00adma\u00ads\u0131<\/p>\n<p>\u2022 Fir\u00adma iti\u00adbar ve pa\u00adzar pa\u00ady\u0131\u00adn\u0131n ar\u00adt\u0131\u00adr\u0131l\u00adma\u00ads\u0131<\/p>\n<p>\u2022 Ma\u00adli\u00adyet kont\u00adro\u00adl\u00fc\u00adn\u00fcn geli\u015ftirilme\u00adsiy\u00adle mas\u00adrafla\u00adr\u0131n azal\u00adt\u0131l\u00adma\u00ads\u0131 ve ve\u00adrim\u00adli\u00adli\u00ad\u011fin ar\u00adt\u0131\u00adr\u0131l\u00adma\u00ads\u0131<\/p>\n<p>\u2022 Acil du\u00adrum\u00adla\u00adra (dep\u00adrem,yan\u00adg\u0131n, sel vb.) ve ka\u00adza\u00adla\u00adra kar\u00ad\u015f\u0131 ha\u00adz\u0131r\u00adl\u0131k\u00adl\u0131 bu\u00adlu\u00adna\u00adrak me\u00adsu\u00adli\u00adyet\u00adle so\u00adnu\u00e7\u00adla\u00adnan ka\u00adza vb. olay\u00adla\u00adr\u0131n azal\u00adt\u0131l\u00adma\u00ads\u0131<\/p>\n<p>\u2022 Kir\u00adli\u00adli\u00ad\u011fin kay\u00adnak\u00adtan ba\u015fla\u00adya\u00adrak kont\u00adrol al\u00adt\u0131\u00adna al\u0131n\u00adma\u00ads\u0131 ve azal\u00adt\u0131l\u00adma\u00ads\u0131<\/p>\n<p>\u2022 Gir\u00addi mal\u00adze\u00adme\u00adle\u00adri ve ener\u00adji ta\u00adsar\u00adru\u00adfu sa\u011f\u00adlan\u00adma\u00ads\u0131<\/p>\n<p>\u2022 \u0130zin ve yet\u00adki bel\u00adge\u00adle\u00adri\u00adnin al\u0131n\u00adma\u00ads\u0131\u00adn\u0131n ko\u00adlay\u00adla\u015ft\u0131\u00adr\u0131l\u00adma\u00ads\u0131<\/p>\n<p>\u2022 ISO 14001 t\u00fcm d\u00fcn\u00adya\u00adca bi\u00adli\u00adnen ve kul\u00adla\u00adn\u0131\u00adlan or\u00adtak bir dil ol\u00addu\u00ad\u011fun\u00addan glo\u00adbal pa\u00adzar\u00adda ka\u00adbul edi\u00adlir\u00adli\u00ad\u011fin sa\u011f\u00adlan\u00adma\u00ads\u0131<\/p>\n","protected":false},"excerpt":{"rendered":"<p>Her ge\u00ad\u00e7en g\u00fcn da\u00adha da k\u00fc\u00ad\u00e7\u00fc\u00adlen d\u00fcn\u00adya\u00adm\u0131\u00adz\u0131n kay\u00adnak\u00adla\u00adr\u0131\u00adn\u0131n son\u00adsuz ol\u00adma\u00add\u0131\u00ad\u011f\u0131, \u00fcr\u00fcn ve fa\u00adali\u00adyet\u00adle\u00adrin \u00e7ev\u00adre et\u00adki\u00adle\u00adri\u00adnin ye\u00adrel ve b\u00f6l\u00adge\u00adsel kal\u00adma\u00ady\u0131p, glo\u00adbal ol\u00addu\u00ad\u011fu ar\u00adt\u0131k t\u00fcm d\u00fcn\u00adya\u00adda ka\u00adbul edilmi\u015f\u00adtir. Bu bi\u00adlin\u00e7 \u00e7ev\u00adre\u00adsel et\u00adki\u00adle\u00adrin\u2026 <a href=\"https:\/\/www.erdemyesiloglu.\u200bcom.tr\/?page_id=2397\" class=\"read-more-link\">read more &rarr;<\/a><\/p>\n","protected":false},"author":1,"featured_media":0,"parent":0,"menu_order":0,"comment_status":"open","ping_status":"open","template":"","meta":{"footnotes":""},"class_list":["post-2397","page","type-page","status-publish","hentry"],"_links":{"self":[{"href":"https:\/\/www.erdemyesiloglu.\u200bcom.tr\/index.php?rest_route=\/wp\/v2\/pages\/2397","targetHints":{"allow":["GET"]}}],"collection":[{"href":"https:\/\/www.erdemyesiloglu.\u200bcom.tr\/index.php?rest_route=\/wp\/v2\/pages"}],"about":[{"href":"https:\/\/www.erdemyesiloglu.\u200bcom.tr\/index.php?rest_route=\/wp\/v2\/types\/page"}],"author":[{"embeddable":true,"href":"https:\/\/www.erdemyesiloglu.\u200bcom.tr\/index.php?rest_route=\/wp\/v2\/users\/1"}],"replies":[{"embeddable":true,"href":"https:\/\/www.erdemyesiloglu.\u200bcom.tr\/index.php?rest_route=%2Fwp%2Fv2%2Fcomments&post=2397"}],"version-history":[{"count":1,"href":"https:\/\/www.erdemyesiloglu.\u200bcom.tr\/index.php?rest_route=\/wp\/v2\/pages\/2397\/revisions"}],"predecessor-version":[{"id":2398,"href":"https:\/\/www.erdemyesiloglu.\u200bcom.tr\/index.php?rest_route=\/wp\/v2\/pages\/2397\/revisions\/2398"}],"wp:attachment":[{"href":"https:\/\/www.erdemyesiloglu.\u200bcom.tr\/index.php?rest_route=%2Fwp%2Fv2%2Fmedia&parent=2397"}],"curies":[{"name":"wp","href":"https:\/\/api.w.org\/{rel}","templated":true}]}}