{"id":2395,"date":"2014-09-18T15:13:57","date_gmt":"2014-09-18T12:13:57","guid":{"rendered":"http:\/\/www.erdemyesiloglu.\u200bcom\/?page_id=2395"},"modified":"2014-09-18T15:13:57","modified_gmt":"2014-09-18T12:13:57","slug":"iso-9001-kalite-yonetim-sistemi","status":"publish","type":"page","link":"https:\/\/www.erdemyesiloglu.\u200bcom.tr\/?page_id=2395","title":{"rendered":"ISO 9001 Kalite Y\u00f6netim Sistemi"},"content":{"rendered":"<p>Ar\u00adt\u0131k bu\u00adg\u00fc\u00adn\u00fcn d\u00fcn\u00adya\u00ads\u0131 \u00e7ok k\u00fc\u00ad\u00e7\u00fcl\u00adm\u00fc\u015f, en\u00adfor\u00admas\u00adyon, tek\u00adno\u00adlo\u00adji ve ile\u00adti\u00ad\u015fim ala\u00adn\u0131n\u00adda\u00adki b\u00fc\u00ady\u00fck ge\u00adli\u015f\u00adme\u00adler top\u00adlum\u00adla\u00adr\u0131 k\u0131\u00adya\u00ads\u0131\u00adya bir re\u00adka\u00adbe\u00adte ve her ge\u00ad\u00e7en g\u00fcn ye\u00adni ge\u00adli\u015fme\u00adle\u00adrin ya\u00ad\u015fan\u00add\u0131\u00ad\u011f\u0131 eko\u00adno\u00admik bir ya\u00adr\u0131\u00ad\u015fa it\u00admi\u015f\u00adtir. Mev\u00adcut d\u00fcn\u00adya d\u00fc\u00adze\u00adnin\u00adde ayak\u00adta ka\u00adla\u00adbil\u00admek, t\u00fcm sek\u00adt\u00f6r\u00adler\u00adde m\u00fc\u015fteri ih\u00adti\u00adya\u00e7 ve bek\u00adlen\u00adti\u00adle\u00adri\u00adne uy\u00adgun mal ve hiz\u00admet \u00fcre\u00adti\u00admi\u00adnin sa\u011f\u00adlan\u00adma\u00ads\u0131y\u00adla ger\u00ad\u00e7ek\u00adle\u00ad\u015fe\u00adbi\u00adle\u00adcek\u00adtir. Bu da an\u00adcak kurulu\u015f\u00adlar\u00adda ta\u00adsa\u00adr\u0131m a\u015fama\u00ads\u0131n\u00addan ba\u015fla\u00adya\u00adrak \u00fcre\u00adtim, pa\u00adzar\u00adla\u00adma ve sat\u0131\u015f son\u00adra\u00ads\u0131 hiz\u00admet\u00adle\u00adre ka\u00addar t\u00fcm a\u015fama\u00adla\u00adr\u0131 kap\u00adsa\u00adyan ve s\u00fc\u00adrek\u00adli geli\u015fme\u00adyi he\u00addefle\u00adyen Ka\u00adli\u00adte Y\u00f6\u00adne\u00adtim Sis\u00adte\u00admi\u00adnin uy\u00adgu\u00adlan\u00adma\u00ads\u0131y\u00adla ola\u00adcak\u00adt\u0131r. G\u00fc\u00adn\u00fc\u00adm\u00fcz\u00adde Ka\u00adli\u00adte Y\u00f6\u00adne\u00adtim Sis\u00adte\u00admi ko\u00adnu\u00adsun\u00adda ISO 9001 Ka\u00adli\u00adte Y\u00f6\u00adne\u00adti\u00admi Sis\u00adtem Stan\u00addard\u00adla\u00adr\u0131, 1987 y\u0131\u00adl\u0131n\u00adda ya\u00ady\u0131m\u00adlan\u00add\u0131\u00ad\u011f\u0131 ta\u00adrih\u00adten iti\u00adba\u00adren en faz\u00adla il\u00adgi\u00adyi ve uy\u00adgu\u00adla\u00adma ala\u00adn\u0131\u00adn\u0131 bu\u00adlan Ulus\u00adla\u00adra\u00adra\u00ads\u0131 Stan\u00addard\u00adlar ha\u00adli\u00adne gel\u00admi\u015f\u00adtir.<\/p>\n<p><strong>NE\u00adDEN TS EN ISO 9001?<\/strong><\/p>\n<p>\u2022\u00a0\u00a0 Kurulu\u015f\u00adta ka\u00adli\u00adte anlay\u0131\u015f\u0131\u00adn\u0131n geli\u015fimi\u00adni,<\/p>\n<p>\u2022\u00a0\u00a0 K\u00e2\u00adr\u0131n, ve\u00adrim\u00adli\u00adli\u00ad\u011fin ve pa\u00adzar pa\u00ady\u0131\u00adn\u0131n art\u00adma\u00ads\u0131\u00adn\u0131,<\/p>\n<p>\u2022\u00a0\u00a0 Et\u00adkin bir y\u00f6\u00adne\u00adti\u00admi,<\/p>\n<p>\u2022\u00a0\u00a0 Ma\u00adli\u00adye\u00adtin azal\u00adma\u00ads\u0131\u00adn\u0131,<\/p>\n<p>\u2022\u00a0\u00a0 \u00c7a\u00adl\u0131\u00ad\u015fan\u00adla\u00adr\u0131n tat\u00admi\u00adni\u00adni,<\/p>\n<p>\u2022\u00a0\u00a0 Kurulu\u015f i\u00e7i ile\u00adti\u00ad\u015fim\u00adde iyi\u00adle\u015f\u00adme\u00adyi,<\/p>\n<p>\u2022\u00a0\u00a0 T\u00fcm fa\u00adali\u00adyet\u00adler\u00adde geni\u015f iz\u00adle\u00adme ve kont\u00adro\u00adl\u00fc,<\/p>\n<p>\u2022\u00a0\u00a0 \u0130a\u00adde\u00adle\u00adrin azal\u00adma\u00ads\u0131\u00adn\u0131,<\/p>\n<p>\u2022\u00a0\u00a0 M\u00fc\u015fteri \u015fi\u00adka\u00adye\u00adti\u00adnin azal\u00adma\u00ads\u0131, mem\u00adnu\u00adni\u00adye\u00adtin art\u00adma\u00ads\u0131\u00adn\u0131 sa\u011f\u00adla\u00adyan,<\/p>\n<p>\u2022\u00a0\u00a0 Ulu\u00adsal ve ulus\u00adla\u00adra\u00adra\u00ads\u0131 d\u00fc\u00adzey\u00adde uy\u00adgu\u00adla\u00adna\u00adbi\u00adlen bir y\u00f6\u00adne\u00adtim sis\u00adte\u00admi mo\u00adde\u00adli ol\u00addu\u00ad\u011fu i\u00e7in bu sis\u00adtem uy\u00adgu\u00adlan\u00adma\u00adl\u0131\u00add\u0131r.<\/p>\n","protected":false},"excerpt":{"rendered":"<p>Ar\u00adt\u0131k bu\u00adg\u00fc\u00adn\u00fcn d\u00fcn\u00adya\u00ads\u0131 \u00e7ok k\u00fc\u00ad\u00e7\u00fcl\u00adm\u00fc\u015f, en\u00adfor\u00admas\u00adyon, tek\u00adno\u00adlo\u00adji ve ile\u00adti\u00ad\u015fim ala\u00adn\u0131n\u00adda\u00adki b\u00fc\u00ady\u00fck ge\u00adli\u015f\u00adme\u00adler top\u00adlum\u00adla\u00adr\u0131 k\u0131\u00adya\u00ads\u0131\u00adya bir re\u00adka\u00adbe\u00adte ve her ge\u00ad\u00e7en g\u00fcn ye\u00adni ge\u00adli\u015fme\u00adle\u00adrin ya\u00ad\u015fan\u00add\u0131\u00ad\u011f\u0131 eko\u00adno\u00admik bir ya\u00adr\u0131\u00ad\u015fa it\u00admi\u015f\u00adtir. Mev\u00adcut d\u00fcn\u00adya d\u00fc\u00adze\u00adnin\u00adde\u2026 <a href=\"https:\/\/www.erdemyesiloglu.\u200bcom.tr\/?page_id=2395\" class=\"read-more-link\">read more &rarr;<\/a><\/p>\n","protected":false},"author":1,"featured_media":0,"parent":0,"menu_order":0,"comment_status":"open","ping_status":"open","template":"","meta":{"footnotes":""},"class_list":["post-2395","page","type-page","status-publish","hentry"],"_links":{"self":[{"href":"https:\/\/www.erdemyesiloglu.\u200bcom.tr\/index.php?rest_route=\/wp\/v2\/pages\/2395","targetHints":{"allow":["GET"]}}],"collection":[{"href":"https:\/\/www.erdemyesiloglu.\u200bcom.tr\/index.php?rest_route=\/wp\/v2\/pages"}],"about":[{"href":"https:\/\/www.erdemyesiloglu.\u200bcom.tr\/index.php?rest_route=\/wp\/v2\/types\/page"}],"author":[{"embeddable":true,"href":"https:\/\/www.erdemyesiloglu.\u200bcom.tr\/index.php?rest_route=\/wp\/v2\/users\/1"}],"replies":[{"embeddable":true,"href":"https:\/\/www.erdemyesiloglu.\u200bcom.tr\/index.php?rest_route=%2Fwp%2Fv2%2Fcomments&post=2395"}],"version-history":[{"count":1,"href":"https:\/\/www.erdemyesiloglu.\u200bcom.tr\/index.php?rest_route=\/wp\/v2\/pages\/2395\/revisions"}],"predecessor-version":[{"id":2396,"href":"https:\/\/www.erdemyesiloglu.\u200bcom.tr\/index.php?rest_route=\/wp\/v2\/pages\/2395\/revisions\/2396"}],"wp:attachment":[{"href":"https:\/\/www.erdemyesiloglu.\u200bcom.tr\/index.php?rest_route=%2Fwp%2Fv2%2Fmedia&parent=2395"}],"curies":[{"name":"wp","href":"https:\/\/api.w.org\/{rel}","templated":true}]}}