{"id":2389,"date":"2014-09-18T15:12:11","date_gmt":"2014-09-18T12:12:11","guid":{"rendered":"http:\/\/www.erdemyesiloglu.\u200bcom\/?page_id=2389"},"modified":"2014-09-18T15:12:11","modified_gmt":"2014-09-18T12:12:11","slug":"verimlilik-analizi-ve-yonetimi","status":"publish","type":"page","link":"https:\/\/www.erdemyesiloglu.\u200bcom.tr\/?page_id=2389","title":{"rendered":"Verimlilik Analizi ve Y\u00f6netimi"},"content":{"rendered":"<p>Verimlilik \u00f6l\u00e7\u00fcm\u00fc s\u00fcrekli olarak yap\u0131lmas\u0131 gereken bir faaliyet olup, bu faaliyetin ilgili bir b\u00f6l\u00fcm\u00fcn sorumlulu\u011funa verilmesi veya t\u00fcm\u00fcyle teknoloji destekli hale getirilmesi gerekmektedir. Verimlili\u011fin \u00f6l\u00e7\u00fclmesi, verimlili\u011fin y\u00f6netilmesine olanak sa\u011flar. Verimlili\u011fin geli\u015ftirilebilmesi a\u00e7\u0131s\u0131ndan zaman\u0131nda ve do\u011fru kararlar verilmesi i\u00e7in gerekli alt yap\u0131y\u0131 olu\u015fturur.<\/p>\n<p style=\"font-weight: 300;\">\nVerimlilik \u00d6l\u00e7me Ama\u00e7lar\u0131<\/p>\n<p style=\"font-weight: 300;\">&#8211;\u00a0\u00a0\u00a0\u00a0\u00a0 \u0130\u015fletme, b\u00f6l\u00fcm veya ekip olarak bulundu\u011fumuz yeri belirleyebilmek ve analiz edebilmek.<\/p>\n<p style=\"font-weight: 300;\">&#8211;\u00a0\u00a0\u00a0\u00a0\u00a0 \u00dcr\u00fcn, hizmet, faaliyet, birim ve kaynaklar baz\u0131nda zay\u0131f noktalar\u0131m\u0131z\u0131 g\u00f6rebilmek ve bu noktalar\u0131m\u0131z\u0131 kuvvetlendirmek.<\/p>\n<p style=\"font-weight: 300;\">&#8211;\u00a0\u00a0\u00a0\u00a0\u00a0 Yat\u0131r\u0131m, yenileme, y\u00f6ntem vb. karar alternatiflerini de\u011ferlendirebilmek.<\/p>\n<p style=\"font-weight: 300;\">&#8211;\u00a0\u00a0\u00a0\u00a0\u00a0 \u0130lerlemeyi, rakiplere veya di\u011fer b\u00f6l\u00fcmlere g\u00f6re g\u00f6receli olarak g\u00f6rebilmek.<\/p>\n<p style=\"font-weight: 300;\">&#8211;\u00a0\u00a0\u00a0\u00a0\u00a0 Kendimize daha etkin ve ger\u00e7ek\u00e7i y\u00f6n ve hedefler tayin edebilmek.<\/p>\n<p style=\"font-weight: 300;\">&#8211;\u00a0\u00a0\u00a0\u00a0\u00a0 Say\u0131sal de\u011ferler ile \u00e7al\u0131\u015fanlar\u0131 daha etkin olarak motive edebilmek.<\/p>\n<p style=\"font-weight: 300;\">&#8211;\u00a0\u00a0\u00a0\u00a0\u00a0 Verimlilik ve \u00fccret aras\u0131nda daha somut ili\u015fkiler kurabilmek.<\/p>\n<p>&nbsp;<\/p>\n","protected":false},"excerpt":{"rendered":"<p>Verimlilik \u00f6l\u00e7\u00fcm\u00fc s\u00fcrekli olarak yap\u0131lmas\u0131 gereken bir faaliyet olup, bu faaliyetin ilgili bir b\u00f6l\u00fcm\u00fcn sorumlulu\u011funa verilmesi veya t\u00fcm\u00fcyle teknoloji destekli hale getirilmesi gerekmektedir. Verimlili\u011fin \u00f6l\u00e7\u00fclmesi, verimlili\u011fin y\u00f6netilmesine olanak sa\u011flar. Verimlili\u011fin\u2026 <a href=\"https:\/\/www.erdemyesiloglu.\u200bcom.tr\/?page_id=2389\" class=\"read-more-link\">read more &rarr;<\/a><\/p>\n","protected":false},"author":1,"featured_media":0,"parent":0,"menu_order":0,"comment_status":"open","ping_status":"open","template":"","meta":{"footnotes":""},"class_list":["post-2389","page","type-page","status-publish","hentry"],"_links":{"self":[{"href":"https:\/\/www.erdemyesiloglu.\u200bcom.tr\/index.php?rest_route=\/wp\/v2\/pages\/2389","targetHints":{"allow":["GET"]}}],"collection":[{"href":"https:\/\/www.erdemyesiloglu.\u200bcom.tr\/index.php?rest_route=\/wp\/v2\/pages"}],"about":[{"href":"https:\/\/www.erdemyesiloglu.\u200bcom.tr\/index.php?rest_route=\/wp\/v2\/types\/page"}],"author":[{"embeddable":true,"href":"https:\/\/www.erdemyesiloglu.\u200bcom.tr\/index.php?rest_route=\/wp\/v2\/users\/1"}],"replies":[{"embeddable":true,"href":"https:\/\/www.erdemyesiloglu.\u200bcom.tr\/index.php?rest_route=%2Fwp%2Fv2%2Fcomments&post=2389"}],"version-history":[{"count":1,"href":"https:\/\/www.erdemyesiloglu.\u200bcom.tr\/index.php?rest_route=\/wp\/v2\/pages\/2389\/revisions"}],"predecessor-version":[{"id":2390,"href":"https:\/\/www.erdemyesiloglu.\u200bcom.tr\/index.php?rest_route=\/wp\/v2\/pages\/2389\/revisions\/2390"}],"wp:attachment":[{"href":"https:\/\/www.erdemyesiloglu.\u200bcom.tr\/index.php?rest_route=%2Fwp%2Fv2%2Fmedia&parent=2389"}],"curies":[{"name":"wp","href":"https:\/\/api.w.org\/{rel}","templated":true}]}}