{"id":2368,"date":"2014-09-13T16:25:52","date_gmt":"2014-09-13T13:25:52","guid":{"rendered":"http:\/\/www.erdemyesiloglu.\u200bcom\/?page_id=2368"},"modified":"2019-12-26T08:37:43","modified_gmt":"2019-12-26T06:37:43","slug":"kobi-enformasyon","status":"publish","type":"page","link":"https:\/\/www.erdemyesiloglu.\u200bcom.tr\/?page_id=2368","title":{"rendered":"Hakk\u0131m\u0131zda"},"content":{"rendered":"<p>HAKKIMIZDA;<\/p>\n<p>Her \u015firketin kendine has zorluklar\u0131 ve birbirinden farkl\u0131 hedefleri oldu\u011fu i\u00e7in, biz her m\u00fc\u015fterimiz i\u00e7in \u00f6zel \u00e7\u00f6z\u00fcmler \u00fcretiyoruz. Ba\u011f\u0131ms\u0131z bir bak\u0131\u015f a\u00e7\u0131s\u0131yla yeni yakla\u015f\u0131mlar ve \u00e7\u00f6z\u00fcmler geli\u015ftiriyor, m\u00fc\u015fterilerimizle beraber \u00e7al\u0131\u015farak onlar\u0131n hedeflerine en h\u0131zl\u0131 \u015fekilde ula\u015fmalar\u0131n\u0131 sa\u011flayacak g\u00fcvenilir y\u00f6ntemler bulmay\u0131 ama\u00e7l\u0131yoruz.<\/p>\n<p>Sundu\u011fumuz Y\u00f6netim Dan\u0131\u015fmanl\u0131\u011f\u0131 Hizmetini a\u015fa\u011f\u0131daki Fonksiyonlar\u0131 kapsar;<\/p>\n<p>1. Ba\u011f\u0131ms\u0131z Hizmet<br \/>\nDan\u0131\u015fmanl\u0131k her \u015feyden \u00f6nce ba\u011f\u0131ms\u0131z bir hizmettir. Bu da dan\u0131\u015fman\u0131n y\u00f6netimden ayr\u0131 \u00e7al\u0131\u015fmas\u0131n\u0131 gerektirir. Ancak; dan\u0131\u015fman al\u0131nacak kararlarda ba\u011f\u0131ms\u0131z karar verememektedir. Bu durum onun zay\u0131f oldu\u011fu anlam\u0131na gelmemelidir. \u00c7\u00fcnk\u00fc dan\u0131\u015fman ald\u0131\u011f\u0131 kararlar\u0131 uygulamada g\u00fc\u00e7l\u00fc bir ikna yetene\u011fine sahiptir her \u015feye y\u00f6neticilerin de kat\u0131l\u0131m\u0131n\u0131 sa\u011flayarak, ba\u015far\u0131n\u0131n bir tak\u0131m i\u015fi oldu\u011funu g\u00f6sterir.<br \/>\nDan\u0131\u015fman\u0131n ba\u011f\u0131ms\u0131z \u00f6zelli\u011fi onun tarafs\u0131zl\u0131k ilkesini olu\u015fturur. Dan\u0131\u015fman tarafs\u0131z oldu\u011funda olaylara daha tarafs\u0131z bakaca\u011f\u0131ndan sorunlar\u0131 daha \u00e7abuk alg\u0131lar ve \u00e7\u00f6z\u00fcmler.<br \/>\nDi\u011fer bir ifadeyle e\u011fer ba\u015far\u0131 elde edilmek isteniyorsa, dan\u0131\u015fman i\u015fletme ve \u00e7al\u0131\u015fanlar hakk\u0131nda do\u011fru karar vermesi i\u00e7in tarafs\u0131zl\u0131k \u00f6zelli\u011fini korumas\u0131 gerekir. B\u00f6yle bir durumda hizmetin verimli olmas\u0131 sa\u011flanabilir.<\/p>\n<p>2. Tavsiye Hizmeti<br \/>\nDan\u0131\u015fmanl\u0131k bir tavsiye hizmetidir. Dan\u0131\u015fmanlar \u00e7al\u0131\u015ft\u0131klar\u0131 firmalarda y\u00f6netimle ilgili karar veremezler. Dan\u0131\u015fman\u0131n g\u00f6revi, \u00f6neri sunmak ve bunu do\u011fru zamanda ger\u00e7ekle\u015ftirmek i\u00e7in harekete ge\u00e7irmektir. Bu anlamda sorumluluklar\u0131 bulunmaktad\u0131r. Sadece do\u011fru \u00f6nerilerde bulunmak de\u011fil; do\u011fru ki\u015fiye kararlar\u0131 iletmesi gerekmektedir.<\/p>\n<p>3. Y\u00f6netime Sa\u011flanan Profesyonel Bir Yard\u0131m<br \/>\nDan\u0131\u015fmanl\u0131k y\u00f6netim problemleriyle ilgili, profesyonel bilgi ve h\u00fcner sa\u011flayan bir hizmettir. Bir ki\u015fi \u00e7e\u015fitli y\u00f6netim problemlerine ili\u015fkin g\u00f6z \u00f6n\u00fcnde tutulmas\u0131 gereken bilgileri edinerek y\u00f6netim dan\u0131\u015fman\u0131 olur. B\u00f6ylece problem \u00e7\u00f6zmede dan\u0131\u015fman, problemleri tan\u0131ma, gerekli bilgileri bulma, analiz ve sentez yapma, insanlarla iyi ileti\u015fim kurma gibi \u015feyler i\u00e7in gerekli bilgi ve beceriyi kazan\u0131r. Y\u00f6neticilerde bu alanlara ili\u015fkin bilgi, beceriye sahip olabilirler. Fakat dan\u0131\u015fmanlar: bir\u00e7ok farkl\u0131 i\u015fletmelerde farkl\u0131 sorunlarla kar\u015f\u0131la\u015ft\u0131klar\u0131 i\u00e7in y\u00f6neticilerden daha deneyimlidirler ve m\u00fc\u015fterilerden elde ettikleri bilgi ve tecr\u00fcbeleri yeni m\u00fc\u015fterilerine aktar\u0131rlar. Ancak; dan\u0131\u015fman mucizev\u00ee \u00e7\u00f6z\u00fcmler getiren biri olarak g\u00f6r\u00fclmemelidir. Sorunu \u00e7\u00f6zmekten \u00e7ok tahlil etmeye yard\u0131mc\u0131 olur. \u00c7\u00fcnk\u00fc pek \u00e7ok konunun \u00e7\u00f6z\u00fcm\u00fc k\u00f6kl\u00fc personel de\u011fi\u015fimi, strateji de\u011fi\u015fimi, sermaye yat\u0131r\u0131m\u0131 gibi dan\u0131\u015fman\u0131 a\u015fan konular olabilir.<\/p>\n","protected":false},"excerpt":{"rendered":"<p>HAKKIMIZDA; Her \u015firketin kendine has zorluklar\u0131 ve birbirinden farkl\u0131 hedefleri oldu\u011fu i\u00e7in, biz her m\u00fc\u015fterimiz i\u00e7in \u00f6zel \u00e7\u00f6z\u00fcmler \u00fcretiyoruz. Ba\u011f\u0131ms\u0131z bir bak\u0131\u015f a\u00e7\u0131s\u0131yla yeni yakla\u015f\u0131mlar ve \u00e7\u00f6z\u00fcmler geli\u015ftiriyor, m\u00fc\u015fterilerimizle beraber\u2026 <a href=\"https:\/\/www.erdemyesiloglu.\u200bcom.tr\/?page_id=2368\" class=\"read-more-link\">read more &rarr;<\/a><\/p>\n","protected":false},"author":1,"featured_media":0,"parent":0,"menu_order":0,"comment_status":"open","ping_status":"open","template":"","meta":{"footnotes":""},"class_list":["post-2368","page","type-page","status-publish","hentry"],"_links":{"self":[{"href":"https:\/\/www.erdemyesiloglu.\u200bcom.tr\/index.php?rest_route=\/wp\/v2\/pages\/2368","targetHints":{"allow":["GET"]}}],"collection":[{"href":"https:\/\/www.erdemyesiloglu.\u200bcom.tr\/index.php?rest_route=\/wp\/v2\/pages"}],"about":[{"href":"https:\/\/www.erdemyesiloglu.\u200bcom.tr\/index.php?rest_route=\/wp\/v2\/types\/page"}],"author":[{"embeddable":true,"href":"https:\/\/www.erdemyesiloglu.\u200bcom.tr\/index.php?rest_route=\/wp\/v2\/users\/1"}],"replies":[{"embeddable":true,"href":"https:\/\/www.erdemyesiloglu.\u200bcom.tr\/index.php?rest_route=%2Fwp%2Fv2%2Fcomments&post=2368"}],"version-history":[{"count":3,"href":"https:\/\/www.erdemyesiloglu.\u200bcom.tr\/index.php?rest_route=\/wp\/v2\/pages\/2368\/revisions"}],"predecessor-version":[{"id":2869,"href":"https:\/\/www.erdemyesiloglu.\u200bcom.tr\/index.php?rest_route=\/wp\/v2\/pages\/2368\/revisions\/2869"}],"wp:attachment":[{"href":"https:\/\/www.erdemyesiloglu.\u200bcom.tr\/index.php?rest_route=%2Fwp%2Fv2%2Fmedia&parent=2368"}],"curies":[{"name":"wp","href":"https:\/\/api.w.org\/{rel}","templated":true}]}}