{"id":2366,"date":"2014-09-13T16:25:34","date_gmt":"2014-09-13T13:25:34","guid":{"rendered":"http:\/\/www.erdemyesiloglu.\u200bcom\/?page_id=2366"},"modified":"2014-09-18T16:32:38","modified_gmt":"2014-09-18T13:32:38","slug":"gizlilik-beyani","status":"publish","type":"page","link":"https:\/\/www.erdemyesiloglu.\u200bcom.tr\/?page_id=2366","title":{"rendered":"Gizlilik Beyan\u0131"},"content":{"rendered":"<p>KOB\u0130 ENFORMASYON;<\/p>\n<p>Hizmet sundu\u011fu i\u015fletme i\u00e7erisinde ve\/veya i\u015fletme ad\u0131na d\u0131\u015far\u0131da yapt\u0131\u011f\u0131 \u00e7al\u0131\u015fmalar ve veri toplama s\u00fcrecinde edindi\u011fi t\u00fcm bilgi, belge ve g\u00f6zlemleri i\u015fletme sahibinin yaz\u0131l\u0131 onay\u0131 olmad\u0131k\u00e7a herhangi bir 3. ger\u00e7ek veya t\u00fczel ki\u015fiyle payla\u015fmayaca\u011f\u0131n\u0131 beyan ve taahh\u00fct eder.<\/p>\n","protected":false},"excerpt":{"rendered":"<p>KOB\u0130 ENFORMASYON; Hizmet sundu\u011fu i\u015fletme i\u00e7erisinde ve\/veya i\u015fletme ad\u0131na d\u0131\u015far\u0131da yapt\u0131\u011f\u0131 \u00e7al\u0131\u015fmalar ve veri toplama s\u00fcrecinde edindi\u011fi t\u00fcm bilgi, belge ve g\u00f6zlemleri i\u015fletme sahibinin yaz\u0131l\u0131 onay\u0131 olmad\u0131k\u00e7a herhangi bir 3.\u2026 <a href=\"https:\/\/www.erdemyesiloglu.\u200bcom.tr\/?page_id=2366\" class=\"read-more-link\">read more &rarr;<\/a><\/p>\n","protected":false},"author":1,"featured_media":0,"parent":0,"menu_order":0,"comment_status":"open","ping_status":"open","template":"","meta":{"footnotes":""},"class_list":["post-2366","page","type-page","status-publish","hentry"],"_links":{"self":[{"href":"https:\/\/www.erdemyesiloglu.\u200bcom.tr\/index.php?rest_route=\/wp\/v2\/pages\/2366","targetHints":{"allow":["GET"]}}],"collection":[{"href":"https:\/\/www.erdemyesiloglu.\u200bcom.tr\/index.php?rest_route=\/wp\/v2\/pages"}],"about":[{"href":"https:\/\/www.erdemyesiloglu.\u200bcom.tr\/index.php?rest_route=\/wp\/v2\/types\/page"}],"author":[{"embeddable":true,"href":"https:\/\/www.erdemyesiloglu.\u200bcom.tr\/index.php?rest_route=\/wp\/v2\/users\/1"}],"replies":[{"embeddable":true,"href":"https:\/\/www.erdemyesiloglu.\u200bcom.tr\/index.php?rest_route=%2Fwp%2Fv2%2Fcomments&post=2366"}],"version-history":[{"count":3,"href":"https:\/\/www.erdemyesiloglu.\u200bcom.tr\/index.php?rest_route=\/wp\/v2\/pages\/2366\/revisions"}],"predecessor-version":[{"id":2467,"href":"https:\/\/www.erdemyesiloglu.\u200bcom.tr\/index.php?rest_route=\/wp\/v2\/pages\/2366\/revisions\/2467"}],"wp:attachment":[{"href":"https:\/\/www.erdemyesiloglu.\u200bcom.tr\/index.php?rest_route=%2Fwp%2Fv2%2Fmedia&parent=2366"}],"curies":[{"name":"wp","href":"https:\/\/api.w.org\/{rel}","templated":true}]}}